{"id":36,"date":"2021-04-16T10:06:04","date_gmt":"2021-04-16T08:06:04","guid":{"rendered":"https:\/\/www.hwg-cuxhaven.de\/wp\/?page_id=36"},"modified":"2024-07-23T14:13:11","modified_gmt":"2024-07-23T12:13:11","slug":"mitglied-werden","status":"publish","type":"page","link":"https:\/\/www.hwg-cuxhaven.de\/wp\/ueber-uns\/mitglied-werden\/","title":{"rendered":"Mitglied werden"},"content":{"rendered":"\n<h3 class=\"wp-block-heading\">Wir sind Ihr starker Partner rund um das Haus- und Grundeigentum.<\/h3>\n\n\n\n<p><strong>Sie m\u00f6chten Mitglied werden?<\/strong> Gern, wir w\u00fcrden uns sehr freuen!<\/p>\n\n\n\n<p>Beachten Sie bitte nachfolgende PDF-Hinweise.<\/p>\n\n\n\n<p>Hier erhalten Sie den <a href=\"https:\/\/www.hwg-cuxhaven.de\/wp\/wp-content\/uploads\/2023\/12\/Beitrittserklaerung-2024.pdf\" target=\"_blank\" rel=\"noreferrer noopener\">Antrag f\u00fcr die Beitrittserkl\u00e4rung<\/a>, hierzu bitten wir Sie unsere <a href=\"https:\/\/www.hwg-cuxhaven.de\/wp\/wp-content\/uploads\/2023\/04\/Datenschutzhinweis-Beitrittserklaerung.pdf\" target=\"_blank\" rel=\"noreferrer noopener\">Datenschutzerkl\u00e4rung<\/a> zu ber\u00fccksichtigen.<\/p>\n","protected":false},"excerpt":{"rendered":"<p>Wir sind Ihr starker Partner rund um das Haus- und Grundeigentum. Sie m\u00f6chten Mitglied werden? Gern, wir w\u00fcrden uns sehr freuen! Beachten Sie bitte nachfolgende PDF-Hinweise. Hier erhalten Sie den Antrag f\u00fcr die Beitrittserkl\u00e4rung, hierzu bitten wir Sie unsere Datenschutzerkl\u00e4rung zu ber\u00fccksichtigen.<\/p>\n","protected":false},"author":1,"featured_media":0,"parent":16,"menu_order":40,"comment_status":"closed","ping_status":"closed","template":"","meta":{"footnotes":""},"class_list":["post-36","page","type-page","status-publish","hentry"],"_links":{"self":[{"href":"https:\/\/www.hwg-cuxhaven.de\/wp\/wp-json\/wp\/v2\/pages\/36","targetHints":{"allow":["GET"]}}],"collection":[{"href":"https:\/\/www.hwg-cuxhaven.de\/wp\/wp-json\/wp\/v2\/pages"}],"about":[{"href":"https:\/\/www.hwg-cuxhaven.de\/wp\/wp-json\/wp\/v2\/types\/page"}],"author":[{"embeddable":true,"href":"https:\/\/www.hwg-cuxhaven.de\/wp\/wp-json\/wp\/v2\/users\/1"}],"replies":[{"embeddable":true,"href":"https:\/\/www.hwg-cuxhaven.de\/wp\/wp-json\/wp\/v2\/comments?post=36"}],"version-history":[{"count":0,"href":"https:\/\/www.hwg-cuxhaven.de\/wp\/wp-json\/wp\/v2\/pages\/36\/revisions"}],"up":[{"embeddable":true,"href":"https:\/\/www.hwg-cuxhaven.de\/wp\/wp-json\/wp\/v2\/pages\/16"}],"wp:attachment":[{"href":"https:\/\/www.hwg-cuxhaven.de\/wp\/wp-json\/wp\/v2\/media?parent=36"}],"curies":[{"name":"wp","href":"https:\/\/api.w.org\/{rel}","templated":true}]}}